{"id":411,"date":"2018-02-19T13:34:51","date_gmt":"2018-02-19T12:34:51","guid":{"rendered":"http:\/\/pfservice.cz\/zkusebni-stranka\/"},"modified":"2021-10-19T11:34:45","modified_gmt":"2021-10-19T09:34:45","slug":"zkusebni-stranka","status":"publish","type":"page","link":"https:\/\/pfservice.cz\/en\/","title":{"rendered":"Plast Form Service IM s.r.o. &#8211; Complex services in the field of injection molding"},"content":{"rendered":"<p><div class=\"fusion-fullwidth fullwidth-box fusion-builder-row-1 nonhundred-percent-fullwidth non-hundred-percent-height-scrolling\" style=\"background-color: #f4f4f4;background-position: center center;background-repeat: no-repeat;padding-top:80px;padding-right:0px;padding-bottom:60px;padding-left:0px;margin-bottom: 0px;margin-top: 0px;border-width: 0px 0px 0px 0px;border-color:#eae9e9;border-style:solid;\" ><div class=\"fusion-builder-row fusion-row\"><div class=\"fusion-layout-column fusion_builder_column fusion-builder-column-0 fusion_builder_column_1_3 1_3 fusion-one-third fusion-column-first sluzba-box\" style=\"width:33.333333333333%;width:calc(33.333333333333% - ( ( 4% + 4% ) * 0.33333333333333 ) );margin-right: 4%;margin-top:0px;margin-bottom:20px;\"><div class=\"fusion-column-wrapper fusion-flex-column-wrapper-legacy\" style=\"background-position:left top;background-repeat:no-repeat;-webkit-background-size:cover;-moz-background-size:cover;-o-background-size:cover;background-size:cover;padding: 0px 0px 0px 0px;\"><span class=\" fusion-imageframe imageframe-none imageframe-1 hover-type-none\"><img width=\"482\" height=\"361\" alt=\"Stroj - Plast Form Service IM s.r.o. - vst\u0159ikov\u00e1n\u00ed plast\u016f\" src=\"http:\/\/pfservice.cz\/wp-content\/uploads\/2018\/05\/box_1.jpg\" class=\"img-responsive wp-image-339\" srcset=\"https:\/\/pfservice.cz\/wp-content\/uploads\/2018\/05\/box_1-200x150.jpg 200w, https:\/\/pfservice.cz\/wp-content\/uploads\/2018\/05\/box_1-400x300.jpg 400w, https:\/\/pfservice.cz\/wp-content\/uploads\/2018\/05\/box_1.jpg 482w\" sizes=\"(max-width: 800px) 100vw, 400px\" \/><\/span><div class=\"sluzba-text\"><style type=\"text\/css\"><\/style><div class=\"fusion-title title fusion-title-1 fusion-sep-none fusion-title-text fusion-title-size-three\" style=\"margin-top:0px;margin-right:0px;margin-bottom:31px;margin-left:0px;\"><h3 class=\"title-heading-left\" style=\"margin:0;\"><i class=\"fa fa-cog\" aria-hidden=\"true\"><\/i>Injection of plastics<\/h3><\/div><div class=\"fusion-text fusion-text-1\"><p>Our primary focus is on the <strong>production of technical moulded parts of precise shape and size<\/strong> designed for the automotive, arms, electrotechnical, machinery and medical industries.<\/p>\n<\/div><div class=\"fusion-button-wrapper\"><style type=\"text\/css\">.fusion-button.button-1 .fusion-button-text, .fusion-button.button-1 i {color:#04467c;}.fusion-button.button-1 .fusion-button-icon-divider{border-color:#04467c;}.fusion-button.button-1:hover .fusion-button-text, .fusion-button.button-1:hover i,.fusion-button.button-1:focus .fusion-button-text, .fusion-button.button-1:focus i,.fusion-button.button-1:active .fusion-button-text, .fusion-button.button-1:active{color:#333333;}.fusion-button.button-1:hover .fusion-button-icon-divider, .fusion-button.button-1:hover .fusion-button-icon-divider, .fusion-button.button-1:active .fusion-button-icon-divider{border-color:#333333;}.fusion-button.button-1:hover, .fusion-button.button-1:focus, .fusion-button.button-1:active{border-color:#333333;}.fusion-button.button-1 {border-color:#04467c;border-radius:0px;}.fusion-button.button-1{background: rgba(4,70,124,0);}.fusion-button.button-1:hover,.button-1:focus,.fusion-button.button-1:active{background: rgba(41,47,54,0);}<\/style><a class=\"fusion-button button-flat fusion-button-default-size button-custom button-1 fusion-button-default-span fusion-button-default-type\" target=\"_self\" href=\"http:\/\/pfservice.cz\/en\/injection-of-plastics\/\"><span class=\"fusion-button-text\">More<\/span><i class=\" fa fa-angle-double-right button-icon-right\" aria-hidden=\"true\"><\/i><\/a><\/div><\/div><div class=\"fusion-clearfix\"><\/div><\/div><\/div><div class=\"fusion-layout-column fusion_builder_column fusion-builder-column-1 fusion_builder_column_1_3 1_3 fusion-one-third sluzba-box\" style=\"width:33.333333333333%;width:calc(33.333333333333% - ( ( 4% + 4% ) * 0.33333333333333 ) );margin-right: 4%;margin-top:0px;margin-bottom:20px;\"><div class=\"fusion-column-wrapper fusion-flex-column-wrapper-legacy\" style=\"background-position:left top;background-repeat:no-repeat;-webkit-background-size:cover;-moz-background-size:cover;-o-background-size:cover;background-size:cover;padding: 0px 0px 0px 0px;\"><span class=\" fusion-imageframe imageframe-none imageframe-2 hover-type-none\"><img width=\"708\" height=\"531\" alt=\"N\u00e1kres formy - Plast Form Service IM s.r.o. - vst\u0159ikov\u00e1n\u00ed plast\u016f\" src=\"http:\/\/pfservice.cz\/wp-content\/uploads\/2018\/05\/box_2.jpg\" class=\"img-responsive wp-image-338\" srcset=\"https:\/\/pfservice.cz\/wp-content\/uploads\/2018\/05\/box_2-200x150.jpg 200w, https:\/\/pfservice.cz\/wp-content\/uploads\/2018\/05\/box_2-400x300.jpg 400w, https:\/\/pfservice.cz\/wp-content\/uploads\/2018\/05\/box_2-600x450.jpg 600w, https:\/\/pfservice.cz\/wp-content\/uploads\/2018\/05\/box_2.jpg 708w\" sizes=\"(max-width: 800px) 100vw, 400px\" \/><\/span><div class=\"sluzba-text\"><style type=\"text\/css\"><\/style><div class=\"fusion-title title fusion-title-2 fusion-sep-none fusion-title-text fusion-title-size-three\" style=\"margin-top:0px;margin-right:0px;margin-bottom:31px;margin-left:0px;\"><h3 class=\"title-heading-left\" style=\"margin:0;\"><i class=\"fa fa-rocket\" aria-hidden=\"true\"><\/i>Injection molds<\/h3><\/div><div class=\"fusion-text fusion-text-2\"><p>We carry out product technical evaluations including the <strong>Mould Flow analyses<\/strong>, design injection moulds and cooperate in the follow-up production. We offer a <strong>comprehensive solution for the production of moulded parts.<\/strong><\/p>\n<\/div><div class=\"fusion-button-wrapper\"><style type=\"text\/css\">.fusion-button.button-2 .fusion-button-text, .fusion-button.button-2 i {color:#04467c;}.fusion-button.button-2 .fusion-button-icon-divider{border-color:#04467c;}.fusion-button.button-2:hover .fusion-button-text, .fusion-button.button-2:hover i,.fusion-button.button-2:focus .fusion-button-text, .fusion-button.button-2:focus i,.fusion-button.button-2:active .fusion-button-text, .fusion-button.button-2:active{color:#333333;}.fusion-button.button-2:hover .fusion-button-icon-divider, .fusion-button.button-2:hover .fusion-button-icon-divider, .fusion-button.button-2:active .fusion-button-icon-divider{border-color:#333333;}.fusion-button.button-2:hover, .fusion-button.button-2:focus, .fusion-button.button-2:active{border-color:#333333;}.fusion-button.button-2 {border-color:#04467c;border-radius:0px;}.fusion-button.button-2{background: rgba(4,70,124,0);}.fusion-button.button-2:hover,.button-2:focus,.fusion-button.button-2:active{background: rgba(41,47,54,0);}<\/style><a class=\"fusion-button button-flat fusion-button-default-size button-custom button-2 fusion-button-default-span fusion-button-default-type\" target=\"_self\" href=\"http:\/\/pfservice.cz\/en\/injection-molds\/\"><span class=\"fusion-button-text\">More<\/span><i class=\" fa fa-angle-double-right button-icon-right\" aria-hidden=\"true\"><\/i><\/a><\/div><\/div><div class=\"fusion-clearfix\"><\/div><\/div><\/div><div class=\"fusion-layout-column fusion_builder_column fusion-builder-column-2 fusion_builder_column_1_3 1_3 fusion-one-third fusion-column-last sluzba-box\" style=\"width:33.333333333333%;width:calc(33.333333333333% - ( ( 4% + 4% ) * 0.33333333333333 ) );margin-top:0px;margin-bottom:20px;\"><div class=\"fusion-column-wrapper fusion-flex-column-wrapper-legacy\" style=\"background-position:left top;background-repeat:no-repeat;-webkit-background-size:cover;-moz-background-size:cover;-o-background-size:cover;background-size:cover;padding: 0px 0px 0px 0px;\"><span class=\" fusion-imageframe imageframe-none imageframe-3 hover-type-none\"><img width=\"458\" height=\"344\" alt=\"Stroj - Plast Form Service IM s.r.o. - vst\u0159ikov\u00e1n\u00ed plast\u016f\" src=\"http:\/\/pfservice.cz\/wp-content\/uploads\/2018\/05\/box_3.jpg\" class=\"img-responsive wp-image-337\" srcset=\"https:\/\/pfservice.cz\/wp-content\/uploads\/2018\/05\/box_3-200x150.jpg 200w, https:\/\/pfservice.cz\/wp-content\/uploads\/2018\/05\/box_3-400x300.jpg 400w, https:\/\/pfservice.cz\/wp-content\/uploads\/2018\/05\/box_3.jpg 458w\" sizes=\"(max-width: 800px) 100vw, 400px\" \/><\/span><div class=\"sluzba-text\"><style type=\"text\/css\"><\/style><div class=\"fusion-title title fusion-title-3 fusion-sep-none fusion-title-text fusion-title-size-three\" style=\"margin-top:0px;margin-right:0px;margin-bottom:31px;margin-left:0px;\"><h3 class=\"title-heading-left\" style=\"margin:0;\"><i class=\"fa fa-bolt\" aria-hidden=\"true\"><\/i>Quality management<\/h3><\/div><div class=\"fusion-text fusion-text-3\"><p>Our main focus is to implement a <strong>quality management system based on the fulfilment of customer requirements<\/strong>. We use common communal gauges, a 3D scanner, a spectrophotometer and a light chamber.<\/p>\n<\/div><div class=\"fusion-button-wrapper\"><style type=\"text\/css\">.fusion-button.button-3 .fusion-button-text, .fusion-button.button-3 i {color:#04467c;}.fusion-button.button-3 .fusion-button-icon-divider{border-color:#04467c;}.fusion-button.button-3:hover .fusion-button-text, .fusion-button.button-3:hover i,.fusion-button.button-3:focus .fusion-button-text, .fusion-button.button-3:focus i,.fusion-button.button-3:active .fusion-button-text, .fusion-button.button-3:active{color:#333333;}.fusion-button.button-3:hover .fusion-button-icon-divider, .fusion-button.button-3:hover .fusion-button-icon-divider, .fusion-button.button-3:active .fusion-button-icon-divider{border-color:#333333;}.fusion-button.button-3:hover, .fusion-button.button-3:focus, .fusion-button.button-3:active{border-color:#333333;}.fusion-button.button-3 {border-color:#04467c;border-radius:0px;}.fusion-button.button-3{background: rgba(4,70,124,0);}.fusion-button.button-3:hover,.button-3:focus,.fusion-button.button-3:active{background: rgba(41,47,54,0);}<\/style><a class=\"fusion-button button-flat fusion-button-default-size button-custom button-3 fusion-button-default-span fusion-button-default-type\" target=\"_self\" href=\"http:\/\/pfservice.cz\/en\/injection-of-plastics\/#kvalita\"><span class=\"fusion-button-text\">More<\/span><i class=\" fa fa-angle-double-right button-icon-right\" aria-hidden=\"true\"><\/i><\/a><\/div><\/div><div class=\"fusion-clearfix\"><\/div><\/div><\/div><\/div><\/div><div class=\"fusion-fullwidth fullwidth-box fusion-builder-row-2 nonhundred-percent-fullwidth non-hundred-percent-height-scrolling\" style=\"background-color: #071013;background-position: center center;background-repeat: no-repeat;padding-top:80px;padding-right:0px;padding-bottom:60px;padding-left:0px;margin-bottom: 0px;margin-top: 0px;border-width: 0px 0px 0px 0px;border-color:#eae9e9;border-style:solid;\" ><div class=\"fusion-builder-row fusion-row\"><div class=\"fusion-layout-column fusion_builder_column fusion-builder-column-3 fusion_builder_column_1_1 1_1 fusion-one-full fusion-column-first fusion-column-last\" style=\"margin-top:0px;margin-bottom:20px;\"><div class=\"fusion-column-wrapper fusion-flex-column-wrapper-legacy\" style=\"background-position:left top;background-repeat:no-repeat;-webkit-background-size:cover;-moz-background-size:cover;-o-background-size:cover;background-size:cover;padding: 0px 0px 0px 0px;\"><style type=\"text\/css\"><\/style><div class=\"fusion-title title fusion-title-4 fusion-sep-none fusion-title-text fusion-title-size-two\" style=\"margin-top:0px;margin-right:0px;margin-bottom:31px;margin-left:0px;\"><h2 class=\"title-heading-left\" style=\"margin:0;\"><span style=\"color: #ffffff;\">Our Products<\/span><\/h2><\/div><div class=\"fusion-clearfix\"><\/div><\/div><\/div><div class=\"fusion-layout-column fusion_builder_column fusion-builder-column-4 fusion_builder_column_1_1 1_1 fusion-one-full fusion-column-first fusion-column-last\" style=\"margin-top:0px;margin-bottom:20px;\"><div class=\"fusion-column-wrapper fusion-flex-column-wrapper-legacy\" style=\"background-position:left top;background-repeat:no-repeat;-webkit-background-size:cover;-moz-background-size:cover;-o-background-size:cover;background-size:cover;padding: 0px 0px 0px 0px;\"><style type=\"text\/css\">.fusion-portfolio-wrapper#fusion-portfolio-1 .fusion-portfolio-content{ padding: 25px 25px 25px 25px; text-align: left; }<\/style><div class=\"fusion-recent-works fusion-portfolio-element fusion-portfolio fusion-portfolio-1 fusion-portfolio-grid fusion-portfolio-paging-none fusion-portfolio-three fusion-portfolio-boxed fusion-portfolio-text fusion-portfolio-equal-heights vyrobky\" data-id=\"-rw-1\" data-columns=\"three\"><div role=\"menubar\"><ul class=\"fusion-filters\" role=\"menu\" aria-label=\"filters\"><li role=\"menuitem\" class=\"fusion-filter fusion-filter-all fusion-active\"><a href=\"#\" data-filter=\"*\">All<\/a><\/li><li role=\"menuitem\" class=\"fusion-filter fusion-hidden\"><a href=\"#\" data-filter=\".arms-industry\">Arms industry<\/a><\/li><li role=\"menuitem\" class=\"fusion-filter fusion-hidden\"><a href=\"#\" data-filter=\".automotive\">Automotive<\/a><\/li><li role=\"menuitem\" class=\"fusion-filter fusion-hidden\"><a href=\"#\" data-filter=\".healthcare\">Healthcare<\/a><\/li><\/ul><\/div><style type=\"text\/css\">.fusion-portfolio-1 .fusion-portfolio-wrapper .fusion-col-spacing{padding:10px;}<\/style><div class=\"fusion-portfolio-wrapper\" id=\"fusion-portfolio-1\" data-picturesize=\"auto\" data-pages=\"2\" style=\"margin:-10px;\"><article id=\"portfolio-1-post-455\" class=\"fusion-portfolio-post automotive fusion-col-spacing post-455\"><div class=\"fusion-portfolio-content-wrapper\" style=\"border:none;background-color:rgba(0,0,0,0.75);\"><span class=\"vcard rich-snippet-hidden\"><span class=\"fn\"><a href=\"https:\/\/pfservice.cz\/en\/author\/4works\/\" title=\"Posts by 4works\" rel=\"author\">4works<\/a><\/span><\/span><span class=\"updated rich-snippet-hidden\">2018-05-21T08:34:56+02:00<\/span><div  class=\"fusion-image-wrapper\" aria-haspopup=\"true\">\n\t\t\t\t  \t\t\t<a href=\"https:\/\/pfservice.cz\/en\/portfolio-items\/interior-parts\/\" aria-label=\"Interior parts\">\n\t\t\t\t\t\t\t<img width=\"1152\" height=\"768\" src=\"https:\/\/pfservice.cz\/wp-content\/uploads\/2018\/03\/DSC_0430.jpg\" class=\"attachment-full size-full wp-post-image\" alt=\"\" loading=\"lazy\" srcset=\"https:\/\/pfservice.cz\/wp-content\/uploads\/2018\/03\/DSC_0430-200x133.jpg 200w, https:\/\/pfservice.cz\/wp-content\/uploads\/2018\/03\/DSC_0430-400x267.jpg 400w, https:\/\/pfservice.cz\/wp-content\/uploads\/2018\/03\/DSC_0430-600x400.jpg 600w, https:\/\/pfservice.cz\/wp-content\/uploads\/2018\/03\/DSC_0430-800x533.jpg 800w, https:\/\/pfservice.cz\/wp-content\/uploads\/2018\/03\/DSC_0430.jpg 1152w\" sizes=\"(min-width: 2200px) 100vw, (min-width: 784px) 387px, (min-width: 712px) 580px, (min-width: 640px) 712px, \" \/>\t\t\t<\/a>\n\t\t\t\t\t\t\t\t<\/div>\n<div class=\"fusion-portfolio-content\" style=\"background-color:rgba(0,0,0,0.75);\"><h2 class=\"entry-title fusion-post-title\"><a href=\"https:\/\/pfservice.cz\/en\/portfolio-items\/interior-parts\/\">Interior parts<\/a><\/h2><div class=\"fusion-content-sep sep-none\" style=\"border-color:#04467c;\"><\/div><div class=\"fusion-post-content\"><p>Interior parts, PP and PC \/ ABS materials.<\/p><\/div><\/div><\/div><\/article><article id=\"portfolio-1-post-470\" class=\"fusion-portfolio-post healthcare fusion-col-spacing post-470\"><div class=\"fusion-portfolio-content-wrapper\" style=\"border:none;background-color:rgba(0,0,0,0.75);\"><span class=\"vcard rich-snippet-hidden\"><span class=\"fn\"><a href=\"https:\/\/pfservice.cz\/en\/author\/4works\/\" title=\"Posts by 4works\" rel=\"author\">4works<\/a><\/span><\/span><span class=\"updated rich-snippet-hidden\">2018-05-21T08:22:09+02:00<\/span><div  class=\"fusion-image-wrapper\" aria-haspopup=\"true\">\n\t\t\t\t  \t\t\t<a href=\"https:\/\/pfservice.cz\/en\/portfolio-items\/locomotors-and-their-components\/\" aria-label=\"Locomotors and their components\">\n\t\t\t\t\t\t\t<img width=\"1152\" height=\"768\" src=\"https:\/\/pfservice.cz\/wp-content\/uploads\/2018\/05\/DSC_0519.jpg\" class=\"attachment-full size-full wp-post-image\" alt=\"\" loading=\"lazy\" srcset=\"https:\/\/pfservice.cz\/wp-content\/uploads\/2018\/05\/DSC_0519-200x133.jpg 200w, https:\/\/pfservice.cz\/wp-content\/uploads\/2018\/05\/DSC_0519-400x267.jpg 400w, https:\/\/pfservice.cz\/wp-content\/uploads\/2018\/05\/DSC_0519-600x400.jpg 600w, https:\/\/pfservice.cz\/wp-content\/uploads\/2018\/05\/DSC_0519-800x533.jpg 800w, https:\/\/pfservice.cz\/wp-content\/uploads\/2018\/05\/DSC_0519.jpg 1152w\" sizes=\"(min-width: 2200px) 100vw, (min-width: 784px) 387px, (min-width: 712px) 580px, (min-width: 640px) 712px, \" \/>\t\t\t<\/a>\n\t\t\t\t\t\t\t\t<\/div>\n<div class=\"fusion-portfolio-content\" style=\"background-color:rgba(0,0,0,0.75);\"><h2 class=\"entry-title fusion-post-title\"><a href=\"https:\/\/pfservice.cz\/en\/portfolio-items\/locomotors-and-their-components\/\">Locomotors and their components<\/a><\/h2><div class=\"fusion-content-sep sep-none\" style=\"border-color:#04467c;\"><\/div><div class=\"fusion-post-content\"><p>Locating aids and their components, PP material.<\/p><\/div><\/div><\/div><\/article><article id=\"portfolio-1-post-468\" class=\"fusion-portfolio-post arms-industry fusion-col-spacing post-468\"><div class=\"fusion-portfolio-content-wrapper\" style=\"border:none;background-color:rgba(0,0,0,0.75);\"><span class=\"vcard rich-snippet-hidden\"><span class=\"fn\"><a href=\"https:\/\/pfservice.cz\/en\/author\/4works\/\" title=\"Posts by 4works\" rel=\"author\">4works<\/a><\/span><\/span><span class=\"updated rich-snippet-hidden\">2018-05-29T10:52:09+02:00<\/span><div  class=\"fusion-image-wrapper\" aria-haspopup=\"true\">\n\t\t\t\t  \t\t\t<a href=\"https:\/\/pfservice.cz\/en\/portfolio-items\/frames-of-short-weapons-and-other-weapon-components\/\" aria-label=\"Frames of short weapons and other weapon components\">\n\t\t\t\t\t\t\t<img width=\"1152\" height=\"768\" src=\"https:\/\/pfservice.cz\/wp-content\/uploads\/2018\/05\/DSC_0438.jpg\" class=\"attachment-full size-full wp-post-image\" alt=\"\" loading=\"lazy\" srcset=\"https:\/\/pfservice.cz\/wp-content\/uploads\/2018\/05\/DSC_0438-200x133.jpg 200w, https:\/\/pfservice.cz\/wp-content\/uploads\/2018\/05\/DSC_0438-400x267.jpg 400w, https:\/\/pfservice.cz\/wp-content\/uploads\/2018\/05\/DSC_0438-600x400.jpg 600w, https:\/\/pfservice.cz\/wp-content\/uploads\/2018\/05\/DSC_0438-800x533.jpg 800w, https:\/\/pfservice.cz\/wp-content\/uploads\/2018\/05\/DSC_0438.jpg 1152w\" sizes=\"(min-width: 2200px) 100vw, (min-width: 784px) 387px, (min-width: 712px) 580px, (min-width: 640px) 712px, \" \/>\t\t\t<\/a>\n\t\t\t\t\t\t\t\t<\/div>\n<div class=\"fusion-portfolio-content\" style=\"background-color:rgba(0,0,0,0.75);\"><h2 class=\"entry-title fusion-post-title\"><a href=\"https:\/\/pfservice.cz\/en\/portfolio-items\/frames-of-short-weapons-and-other-weapon-components\/\">Frames of short weapons and other weapon components<\/a><\/h2><div class=\"fusion-content-sep sep-none\" style=\"border-color:#04467c;\"><\/div><div class=\"fusion-post-content\"><p>Frames of short arms and other weapon components, materials PA66, [...]<\/p><\/div><\/div><\/div><\/article><\/div><\/div><div class=\"fusion-clearfix\"><\/div><\/div><\/div><\/div><\/div><div class=\"fusion-fullwidth fullwidth-box fusion-builder-row-3 nonhundred-percent-fullwidth non-hundred-percent-height-scrolling fusion-equal-height-columns\" style=\"background-color: rgba(255,255,255,0);background-position: center center;background-repeat: no-repeat;padding-top:60px;padding-right:0px;padding-bottom:60px;padding-left:0px;margin-bottom: 0px;margin-top: 0px;border-width: 0px 0px 0px 0px;border-color:#eae9e9;border-style:solid;\" ><div class=\"fusion-builder-row fusion-row\"><div class=\"fusion-layout-column fusion_builder_column fusion-builder-column-5 fusion_builder_column_1_1 1_1 fusion-one-full fusion-column-first fusion-column-last\" style=\"margin-top:0px;margin-bottom:20px;\"><div class=\"fusion-column-wrapper fusion-flex-column-wrapper-legacy\" style=\"background-position:left top;background-repeat:no-repeat;-webkit-background-size:cover;-moz-background-size:cover;-o-background-size:cover;background-size:cover;padding: 0px 0px 0px 0px;\"><div class=\"fusion-counters-box counters-box row fusion-clearfix fusion-columns-1 firme-ctr\"><div class=\"fusion-counter-box fusion-column col-counter-box counter-box-wrapper col-lg-12 col-md-12 col-sm-12\" data-animationOffset=\"top-into-view\"><div class=\"counter-box-container\" style=\"border: 1px solid rgba(230,230,230,0);\"><div class=\"content-box-percentage content-box-counter\" style=\"color:#04467c;font-size:50px;line-height:normal;\"><i class=\"counter-box-icon fontawesome-icon fa-users fas\" style=\"font-size:44px;\" aria-hidden=\"true\"><\/i><span class=\"display-counter\" data-value=\"29\" data-direction=\"up\" data-decimals=\"0\">0<\/span><\/div><div class=\"counter-box-content\" style=\"color:#5e5e5e;font-size:20px;\">years in business<\/div><\/div><\/div><\/div><div class=\"clearfix\"><\/div><div class=\"fusion-clearfix\"><\/div><\/div><\/div><\/div><\/div><div class=\"fusion-fullwidth fullwidth-box fusion-builder-row-4 hundred-percent-fullwidth non-hundred-percent-height-scrolling\" style=\"background-color: rgba(255,255,255,0);background-position: center center;background-repeat: no-repeat;padding-top:0px;padding-right:0px;padding-bottom:0px;padding-left:0px;margin-bottom: 0px;margin-top: 0px;border-width: 0px 0px 0px 0px;border-color:#eae9e9;border-style:solid;\" ><div class=\"fusion-builder-row fusion-row\"><div class=\"fusion-layout-column fusion_builder_column fusion-builder-column-6 fusion_builder_column_1_1 1_1 fusion-one-full fusion-column-first fusion-column-last\" style=\"margin-top:0px;margin-bottom:0px;\"><div class=\"fusion-column-wrapper fusion-flex-column-wrapper-legacy\" style=\"background-position:left top;background-repeat:no-repeat;-webkit-background-size:cover;-moz-background-size:cover;-o-background-size:cover;background-size:cover;border-width: 1px 0 0 0;border-color:#e6e6e6;border-style:solid;padding: 0px 0px 0px 0px;\">\t\t\t\t\t<script type=\"text\/javascript\">\n\t\t\t\t\t\tvar map_fusion_map_69e7acadc6f5f;\n\t\t\t\t\t\tvar markers = [];\n\t\t\t\t\t\tvar counter = 0;\n\t\t\t\t\t\t\t\t\t\t\t\t\t\t\t\t\t\t\t\tvar fusionMapNonce = '40db42a6bb';\n\t\t\t\t\t\t\t\t\t\t\t\tfunction fusion_run_map_fusion_map_69e7acadc6f5f() {\n\t\t\t\t\t\t\tjQuery('#fusion_map_69e7acadc6f5f').fusion_maps({\n\t\t\t\t\t\t\t\taddresses: [{\"address\":\"Veleslav\\u00ednova 75, 289 22 Lys\\u00e1 nad Labem\",\"infobox_content\":\"\",\"marker\":\"\\\/wp-content\\\/uploads\\\/2018\\\/03\\\/map-marker.png\",\"coordinates\":false,\"cache\":true,\"latitude\":\"50.2057855\",\"longitude\":\"14.841481199999976\"}],\n\t\t\t\t\t\t\t\tanimations: true,\n\t\t\t\t\t\t\t\tinfobox_background_color: '',\n\t\t\t\t\t\t\t\tinfobox_styling: 'default',\n\t\t\t\t\t\t\t\tinfobox_text_color: '',\n\t\t\t\t\t\t\t\tmap_style: 'custom',\n\t\t\t\t\t\t\t\tmap_type: 'roadmap',\n\t\t\t\t\t\t\t\tmarker_icon: '\/wp-content\/uploads\/2018\/03\/map-marker.png',\n\t\t\t\t\t\t\t\toverlay_color: '#7a7a7a',\n\t\t\t\t\t\t\t\toverlay_color_hsl: {\"hue\":0,\"sat\":0,\"lum\":48},\n\t\t\t\t\t\t\t\tpan_control: true,\n\t\t\t\t\t\t\t\tshow_address: true,\n\t\t\t\t\t\t\t\tscale_control: true,\n\t\t\t\t\t\t\t\tscrollwheel: false,\n\t\t\t\t\t\t\t\tzoom: 12,\n\t\t\t\t\t\t\t\tzoom_control: true,\n\t\t\t\t\t\t\t});\n\t\t\t\t\t\t}\n\n\t\t\t\t\t\tgoogle.maps.event.addDomListener(window, 'load', fusion_run_map_fusion_map_69e7acadc6f5f);\n\t\t\t\t\t<\/script>\n\t\t\t\t\t<div class=\"shortcode-map fusion-google-map fusion-maps-js-type\" id=\"fusion_map_69e7acadc6f5f\" style=\"height:450px;width:100%;\"><\/div><div class=\"fusion-clearfix\"><\/div><\/div><\/div><\/div><\/div><\/p>\n","protected":false},"excerpt":{"rendered":"","protected":false},"author":3,"featured_media":0,"parent":0,"menu_order":0,"comment_status":"closed","ping_status":"open","template":"100-width.php","meta":[],"_links":{"self":[{"href":"https:\/\/pfservice.cz\/en\/wp-json\/wp\/v2\/pages\/411"}],"collection":[{"href":"https:\/\/pfservice.cz\/en\/wp-json\/wp\/v2\/pages"}],"about":[{"href":"https:\/\/pfservice.cz\/en\/wp-json\/wp\/v2\/types\/page"}],"author":[{"embeddable":true,"href":"https:\/\/pfservice.cz\/en\/wp-json\/wp\/v2\/users\/3"}],"replies":[{"embeddable":true,"href":"https:\/\/pfservice.cz\/en\/wp-json\/wp\/v2\/comments?post=411"}],"version-history":[{"count":8,"href":"https:\/\/pfservice.cz\/en\/wp-json\/wp\/v2\/pages\/411\/revisions"}],"predecessor-version":[{"id":528,"href":"https:\/\/pfservice.cz\/en\/wp-json\/wp\/v2\/pages\/411\/revisions\/528"}],"wp:attachment":[{"href":"https:\/\/pfservice.cz\/en\/wp-json\/wp\/v2\/media?parent=411"}],"curies":[{"name":"wp","href":"https:\/\/api.w.org\/{rel}","templated":true}]}}